{"id":28454,"date":"2016-09-15T13:55:17","date_gmt":"2016-09-15T13:55:17","guid":{"rendered":"https:\/\/egoclinic.pt\/PT\/?page_id=28454"},"modified":"2025-04-08T23:32:23","modified_gmt":"2025-04-08T22:32:23","slug":"a-egoclinic","status":"publish","type":"page","link":"https:\/\/egoclinic.pt\/PT\/a-egoclinic\/","title":{"rendered":"A Egoclinic"},"content":{"rendered":"<p>[et_pb_section fb_built=&#8221;1&#8243; fullwidth=&#8221;on&#8221; custom_padding_last_edited=&#8221;on|desktop&#8221; admin_label=&#8221;section&#8221; _builder_version=&#8221;4.16&#8243; custom_padding_tablet=&#8221;50px|0|50px|0&#8243; custom_padding_phone=&#8221;&#8221; padding_mobile=&#8221;off&#8221; global_colors_info=&#8221;{}&#8221;][et_pb_fullwidth_header title=&#8221;A Egoclinic&#8221; _builder_version=&#8221;4.16&#8243; background_image=&#8221;https:\/\/egoclinic.pt\/PT\/wp-content\/uploads\/2018\/06\/tild3636-6265-4163-b562-616631623338__fonemma.png&#8221; global_colors_info=&#8221;{}&#8221; button_one_text_size__hover_enabled=&#8221;off&#8221; button_two_text_size__hover_enabled=&#8221;off&#8221; button_one_text_color__hover_enabled=&#8221;off&#8221; button_two_text_color__hover_enabled=&#8221;off&#8221; button_one_border_width__hover_enabled=&#8221;off&#8221; button_two_border_width__hover_enabled=&#8221;off&#8221; button_one_border_color__hover_enabled=&#8221;off&#8221; button_two_border_color__hover_enabled=&#8221;off&#8221; button_one_border_radius__hover_enabled=&#8221;off&#8221; button_two_border_radius__hover_enabled=&#8221;off&#8221; button_one_letter_spacing__hover_enabled=&#8221;off&#8221; button_two_letter_spacing__hover_enabled=&#8221;off&#8221; button_one_bg_color__hover_enabled=&#8221;off&#8221; button_two_bg_color__hover_enabled=&#8221;off&#8221;]&nbsp;<br \/>\n[\/et_pb_fullwidth_header][\/et_pb_section][et_pb_section fb_built=&#8221;1&#8243; _builder_version=&#8221;4.16&#8243; _module_preset=&#8221;default&#8221; custom_padding=&#8221;||5px|||&#8221; global_colors_info=&#8221;{}&#8221;][et_pb_row _builder_version=&#8221;4.16&#8243; _module_preset=&#8221;default&#8221; global_colors_info=&#8221;{}&#8221;][et_pb_column type=&#8221;4_4&#8243; _builder_version=&#8221;4.16&#8243; _module_preset=&#8221;default&#8221; global_colors_info=&#8221;{}&#8221;][et_pb_text _builder_version=&#8221;4.16&#8243; background_size=&#8221;initial&#8221; background_position=&#8221;top_left&#8221; background_repeat=&#8221;repeat&#8221; use_border_color=&#8221;off&#8221; border_style=&#8221;solid&#8221; global_colors_info=&#8221;{}&#8221;]<strong>A Egoclinic \u2013 Cl\u00ednica em Neuroci\u00eancias<\/strong>\u00a0tem como miss\u00e3o a compreens\u00e3o do Homem no seu todo, no seu tempo e na sua circunst\u00e2ncia e, dessa maneira,\u00a0 ajud\u00e1-lo a uma rela\u00e7\u00e3o consigo pr\u00f3prio e com os outros de forma que lhe for mais adaptativa em cada momento da sua vida.<br \/>\n[\/et_pb_text][\/et_pb_column][\/et_pb_row][\/et_pb_section][et_pb_section fb_built=&#8221;1&#8243; _builder_version=&#8221;4.16&#8243; _module_preset=&#8221;default&#8221; custom_padding=&#8221;7px|||||&#8221; global_colors_info=&#8221;{}&#8221;][et_pb_row column_structure=&#8221;1_2,1_2&#8243; use_custom_gutter=&#8221;on&#8221; gutter_width=&#8221;1&#8243; _builder_version=&#8221;4.16&#8243; _module_preset=&#8221;default&#8221; global_colors_info=&#8221;{}&#8221;][et_pb_column type=&#8221;1_2&#8243; _builder_version=&#8221;4.16&#8243; _module_preset=&#8221;default&#8221; custom_padding=&#8221;|30px|||false|false&#8221; global_colors_info=&#8221;{}&#8221;][et_pb_text _builder_version=&#8221;4.16&#8243; background_size=&#8221;initial&#8221; background_position=&#8221;top_left&#8221; background_repeat=&#8221;repeat&#8221; use_border_color=&#8221;off&#8221; border_style=&#8221;solid&#8221; global_colors_info=&#8221;{}&#8221;]<\/p>\n<h3>As Neuroci\u00eancias<\/h3>\n<p>[\/et_pb_text][et_pb_text _builder_version=&#8221;4.16&#8243; text_font=&#8221;||||||||&#8221; text_text_color=&#8221;#848484&#8243; background_size=&#8221;initial&#8221; background_position=&#8221;top_left&#8221; background_repeat=&#8221;repeat&#8221; background_layout=&#8221;dark&#8221; custom_padding=&#8221;29px|||||&#8221; use_border_color=&#8221;off&#8221; border_style=&#8221;solid&#8221; global_colors_info=&#8221;{}&#8221;]<\/p>\n<p>Podemos dizer que atualmente, as Neuroci\u00eancias abrangem v\u00e1rias \u00e1reas do conhecimento, entre as quais:<\/p>\n<p>&nbsp;<\/p>\n<ul>\n<li>Neuroqu\u00edmica<\/li>\n<li>Neurobiologia<\/li>\n<li>Neurofisiologia<\/li>\n<li>Psicobiologia<\/li>\n<li>Neuropsicologia<\/li>\n<\/ul>\n<p>&nbsp;<\/p>\n<p>Tais \u00e1reas de conhecimento e de investiga\u00e7\u00e3o, embora remetam para a organiza\u00e7\u00e3o e funcionamento do Sistema Nervoso, n\u00e3o devem ser encaradas de forma separada de outras \u00e1reas do conhecimento, que de forma mais ou menos direta, influenciam o conhecimento do Homem na sua circunst\u00e2ncia de que s\u00e3o exemplos:<\/p>\n<p>&nbsp;<\/p>\n<ul>\n<li>Medicina<\/li>\n<li>Neurologia<\/li>\n<li>Psiquiatria<\/li>\n<li>Psicologia<\/li>\n<li>Sociologia<\/li>\n<li>Antropologia<\/li>\n<\/ul>\n<p>[\/et_pb_text][\/et_pb_column][et_pb_column type=&#8221;1_2&#8243; _builder_version=&#8221;4.16&#8243; _module_preset=&#8221;default&#8221; custom_padding=&#8221;|||30px|false|false&#8221; border_width_left=&#8221;2px&#8221; border_color_left=&#8221;#0C71C3&#8243; global_colors_info=&#8221;{}&#8221;][et_pb_text _builder_version=&#8221;4.16&#8243; background_size=&#8221;initial&#8221; background_position=&#8221;top_left&#8221; background_repeat=&#8221;repeat&#8221; use_border_color=&#8221;off&#8221; border_style=&#8221;solid&#8221; global_colors_info=&#8221;{}&#8221;]<\/p>\n<h3>DIRE\u00c7\u00c3O CL\u00cdNICA<\/h3>\n<p>&nbsp;<\/p>\n<p>[\/et_pb_text][et_pb_team_member name=&#8221;PROF. Dr. Ant\u00f3nio Sampaio&#8221; position=&#8221;M\u00e9dico Psiquiatra&#8221; image_url=&#8221;https:\/\/egoclinic.pt\/PT\/wp-content\/uploads\/2023\/02\/antoniosampaio-round.jpg&#8221; website_url=&#8221;www.antoniosampaiopsiquiatra.pt&#8221; facebook_url=&#8221;https:\/\/www.facebook.com\/AntonioSampaioPsi\/&#8221; linkedin_url=&#8221;https:\/\/www.linkedin.com\/in\/ant%C3%B3nio-sampaio-correia-29a38339\/&#8221; db_link_target=&#8221;on&#8221; _builder_version=&#8221;4.24.2&#8243; header_text_align=&#8221;left&#8221; body_text_align=&#8221;left&#8221; position_text_align=&#8221;left&#8221; background_size=&#8221;initial&#8221; background_position=&#8221;top_left&#8221; background_repeat=&#8221;repeat&#8221; text_orientation=&#8221;left&#8221; border_color_all_image=&#8221;#ffffff&#8221; use_border_color=&#8221;off&#8221; border_color=&#8221;#ffffff&#8221; border_width=&#8221;1px&#8221; border_style=&#8221;solid&#8221; ab_subject=&#8221;on&#8221; ab_subject_id=&#8221;2&#8243; global_colors_info=&#8221;{}&#8221;]<\/p>\n<p style=\"text-align: left;\">Especialista pela Ordem dos M\u00e9dicos (Ced Prof 27346)<br \/><span style=\"font-size: 14px;\">Assistente Graduado em Psiquiatria pelo H.J.M.<\/span><\/p>\n<p style=\"text-align: left;\">Mestre em Neuroci\u00eancias pela Universidade de Londres<br \/>e\u00a0pela F.M.L. da Universidade de Lisboa<\/p>\n<p style=\"text-align: left;\">Doutorado pela Universidade de Lisboa<\/p>\n<p style=\"text-align: left;\"><a href=\"https:\/\/egoclinic.pt\/PT\/wp-content\/uploads\/2024\/03\/CV-Antonio_Sampaio-Fevereiro2024.pdf\" target=\"_blank\" rel=\"noopener noreferrer\">Curriculum Vitae (PDF)<\/a><\/p>\n<p>[\/et_pb_team_member][et_pb_text _builder_version=&#8221;4.16&#8243; background_size=&#8221;initial&#8221; background_position=&#8221;top_left&#8221; background_repeat=&#8221;repeat&#8221; custom_margin=&#8221;50px|||||&#8221; use_border_color=&#8221;off&#8221; border_style=&#8221;solid&#8221; global_colors_info=&#8221;{}&#8221;]<\/p>\n<h3>CONSULTAS DE PSIQUIATRIA<\/h3>\n<p>&nbsp;<\/p>\n<p>[\/et_pb_text][et_pb_text admin_label=&#8221;Text&#8221; _builder_version=&#8221;4.27.4&#8243; background_size=&#8221;initial&#8221; background_position=&#8221;top_left&#8221; background_repeat=&#8221;repeat&#8221; hover_enabled=&#8221;0&#8243; use_border_color=&#8221;off&#8221; locked=&#8221;off&#8221; global_colors_info=&#8221;{}&#8221; sticky_enabled=&#8221;0&#8243;]<\/p>\n<p>2\u00aa, 4\u00aa, 5\u00aa e 6\u00aa &#8211; Feiras<\/p>\n<p><a href=\"https:\/\/egoclinic.pt\/PT\/wp-content\/uploads\/2025\/04\/Precario_Egoclinic_2025_act.pdf\" target=\"_blank\" rel=\"attachment noopener wp-att-29828\">Consulte o pre\u00e7\u00e1rio Egoclinic 2025<\/a> (PDF)<br \/>Actualizado em 2025<\/p>\n<p>[\/et_pb_text][\/et_pb_column][\/et_pb_row][\/et_pb_section][et_pb_section fb_built=&#8221;1&#8243; custom_padding_last_edited=&#8221;on|desktop&#8221; admin_label=&#8221;section&#8221; _builder_version=&#8221;3.22&#8243; custom_padding=&#8221;0px|0px|0px|0px&#8221; custom_padding_tablet=&#8221;50px|0|50px|0&#8243; custom_padding_phone=&#8221;&#8221; transparent_background=&#8221;off&#8221; padding_mobile=&#8221;off&#8221; global_module=&#8221;29808&#8243; saved_tabs=&#8221;all&#8221; global_colors_info=&#8221;{}&#8221;][et_pb_row column_structure=&#8221;1_4,1_4,1_4,1_4&#8243; use_custom_gutter=&#8221;on&#8221; gutter_width=&#8221;1&#8243; make_equal=&#8221;on&#8221; admin_label=&#8221;row&#8221; module_class=&#8221; et_pb_row_fullwidth&#8221; _builder_version=&#8221;4.27.4&#8243; background_color=&#8221;#e8e8e8&#8243; background_size=&#8221;initial&#8221; background_position=&#8221;top_left&#8221; background_repeat=&#8221;repeat&#8221; width=&#8221;100%&#8221; width_tablet=&#8221;100%&#8221; width_phone=&#8221;&#8221; width_last_edited=&#8221;on|desktop&#8221; max_width=&#8221;100%&#8221; max_width_tablet=&#8221;100%&#8221; max_width_phone=&#8221;&#8221; max_width_last_edited=&#8221;on|desktop&#8221; custom_margin=&#8221;0px||0px|&#8221; custom_padding=&#8221;0|0px|0|0px|false|false&#8221; hover_enabled=&#8221;0&#8243; make_fullwidth=&#8221;on&#8221; global_colors_info=&#8221;{}&#8221; sticky_enabled=&#8221;0&#8243;][et_pb_column type=&#8221;1_4&#8243; _builder_version=&#8221;4.27.4&#8243; background_color=&#8221;#0c71c3&#8243; background_image=&#8221;https:\/\/egoclinic.pt\/PT\/wp-content\/uploads\/2018\/10\/ego_instalacoes_a.jpg&#8221; background_size=&#8221;initial&#8221; background_position=&#8221;bottom_left&#8221; custom_padding=&#8221;|0px||0px&#8221; hover_enabled=&#8221;0&#8243; global_colors_info=&#8221;{}&#8221; custom_padding__hover=&#8221;|||&#8221; sticky_enabled=&#8221;0&#8243;][et_pb_blurb url=&#8221;https:\/\/egoclinic.pt\/PT\/perguntas-frequentes\/&#8221; _builder_version=&#8221;4.27.4&#8243; header_font=&#8221;|||on|||||&#8221; background_size=&#8221;initial&#8221; background_position=&#8221;top_left&#8221; background_repeat=&#8221;repeat&#8221; text_orientation=&#8221;center&#8221; background_layout=&#8221;dark&#8221; custom_margin=&#8221;|0px||0px&#8221; custom_padding=&#8221;30px|20px|20px|20px&#8221; hover_enabled=&#8221;0&#8243; use_border_color=&#8221;off&#8221; border_color=&#8221;#ffffff&#8221; border_width=&#8221;1px&#8221; border_style=&#8221;solid&#8221; locked=&#8221;off&#8221; global_colors_info=&#8221;{}&#8221; sticky_enabled=&#8221;0&#8243;]<\/p>\n<h4>CONSULTAS<br \/>DE<br \/>PSIQUIATRIA<\/h4>\n<p>Prof. Dr. Ant\u00f3nio Sampaio<br \/><em>M\u00e9dico Psiquiatra<\/em><\/p>\n<p>2\u00aa, 4\u00aa, 5\u00aa e 6\u00aa &#8211; Feiras<\/p>\n<p>Hor\u00e1rio: 14h45 \u00e0s 19h15<\/p>\n<p>&nbsp;<\/p>\n<p>[\/et_pb_blurb][\/et_pb_column][et_pb_column type=&#8221;1_4&#8243; _builder_version=&#8221;4.16&#8243; background_color=&#8221;#0C71C3&#8243; background_enable_image=&#8221;off&#8221; custom_padding=&#8221;|0px||0px&#8221; global_colors_info=&#8221;{}&#8221; custom_padding__hover=&#8221;|||&#8221;][et_pb_blurb title=&#8221;Perguntas frequentes&#8221; url=&#8221;https:\/\/egoclinic.pt\/PT\/perguntas-frequentes\/&#8221; _builder_version=&#8221;4.16&#8243; header_font=&#8221;|||on|||||&#8221; background_size=&#8221;initial&#8221; background_position=&#8221;top_left&#8221; background_repeat=&#8221;repeat&#8221; text_orientation=&#8221;center&#8221; background_layout=&#8221;dark&#8221; custom_margin=&#8221;|0px||0px&#8221; custom_padding=&#8221;30px|20px|20px|20px&#8221; use_border_color=&#8221;off&#8221; border_color=&#8221;#ffffff&#8221; border_width=&#8221;1px&#8221; border_style=&#8221;solid&#8221; locked=&#8221;off&#8221; global_colors_info=&#8221;{}&#8221;]Tem uma quest\u00e3o?<br \/>\nConsulte a sec\u00e7\u00e3o das perguntas mais frequentes, que reunimos para si.[\/et_pb_blurb][\/et_pb_column][et_pb_column type=&#8221;1_4&#8243; _builder_version=&#8221;4.16&#8243; background_color=&#8221;#0c9cd1&#8243; background_image=&#8221;https:\/\/egoclinic.pt\/PT\/wp-content\/uploads\/2018\/06\/bld_out_old.jpg&#8221; custom_padding=&#8221;|0px||0px&#8221; global_colors_info=&#8221;{}&#8221; custom_padding__hover=&#8221;|||&#8221;][et_pb_text _builder_version=&#8221;4.16&#8243; global_colors_info=&#8221;{}&#8221;][\/et_pb_text][\/et_pb_column][et_pb_column type=&#8221;1_4&#8243; _builder_version=&#8221;4.16&#8243; background_color=&#8221;#005187&#8243; custom_padding=&#8221;|||&#8221; global_colors_info=&#8221;{}&#8221; custom_padding__hover=&#8221;|||&#8221;][et_pb_blurb title=&#8221;Contactos&#8221; url=&#8221;https:\/\/egoclinic.pt\/PT\/contactos\/&#8221; _builder_version=&#8221;4.27.4&#8243; header_font=&#8221;|||on|||||&#8221; background_size=&#8221;initial&#8221; background_position=&#8221;top_left&#8221; background_repeat=&#8221;repeat&#8221; text_orientation=&#8221;center&#8221; background_layout=&#8221;dark&#8221; custom_margin=&#8221;|0px||0px&#8221; custom_padding=&#8221;30px|20px|20px|20px&#8221; hover_enabled=&#8221;0&#8243; use_border_color=&#8221;off&#8221; border_color=&#8221;#ffffff&#8221; border_width=&#8221;1px&#8221; border_style=&#8221;solid&#8221; global_colors_info=&#8221;{}&#8221; sticky_enabled=&#8221;0&#8243;]<\/p>\n<p>Tlm.\u00a0<strong>925 316 585 <\/strong><\/p>\n<p>(atendimento telef\u00f3nico das 14h15 \u00e0s 20h30)<br \/><em>(chamada para rede m\u00f3vel nacional)<\/em><br \/><a href=\"mailto:geral@egoclinic.pt\">geral@egoclinic.pt<\/a><\/p>\n<p><strong>Rua Helena F\u00e9lix, n\u00ba 2<\/strong><br \/><strong>Escrit\u00f3rio 4<br \/><\/strong><\/p>\n<p>Entrecampos<br \/><strong>1600-121\u00a0LISBOA<\/strong><\/p>\n<p>[\/et_pb_blurb][\/et_pb_column][\/et_pb_row][\/et_pb_section]<\/p>\n","protected":false},"excerpt":{"rendered":"<p>&nbsp; A Egoclinic \u2013 Cl\u00ednica em Neuroci\u00eancias\u00a0tem como miss\u00e3o a compreens\u00e3o do Homem no seu todo, no seu tempo e na sua circunst\u00e2ncia e, dessa maneira,\u00a0 ajud\u00e1-lo a uma rela\u00e7\u00e3o consigo pr\u00f3prio e com os outros de forma que lhe for mais adaptativa em cada momento da sua vida. As Neuroci\u00eancias Podemos dizer que atualmente, [&hellip;]<\/p>\n","protected":false},"author":1,"featured_media":0,"parent":0,"menu_order":0,"comment_status":"closed","ping_status":"closed","template":"","meta":{"_et_pb_use_builder":"on","_et_pb_old_content":"","_et_gb_content_width":"","footnotes":""},"class_list":["post-28454","page","type-page","status-publish","hentry"],"_links":{"self":[{"href":"https:\/\/egoclinic.pt\/PT\/wp-json\/wp\/v2\/pages\/28454","targetHints":{"allow":["GET"]}}],"collection":[{"href":"https:\/\/egoclinic.pt\/PT\/wp-json\/wp\/v2\/pages"}],"about":[{"href":"https:\/\/egoclinic.pt\/PT\/wp-json\/wp\/v2\/types\/page"}],"author":[{"embeddable":true,"href":"https:\/\/egoclinic.pt\/PT\/wp-json\/wp\/v2\/users\/1"}],"replies":[{"embeddable":true,"href":"https:\/\/egoclinic.pt\/PT\/wp-json\/wp\/v2\/comments?post=28454"}],"version-history":[{"count":36,"href":"https:\/\/egoclinic.pt\/PT\/wp-json\/wp\/v2\/pages\/28454\/revisions"}],"predecessor-version":[{"id":30302,"href":"https:\/\/egoclinic.pt\/PT\/wp-json\/wp\/v2\/pages\/28454\/revisions\/30302"}],"wp:attachment":[{"href":"https:\/\/egoclinic.pt\/PT\/wp-json\/wp\/v2\/media?parent=28454"}],"curies":[{"name":"wp","href":"https:\/\/api.w.org\/{rel}","templated":true}]}}