{"id":28461,"date":"2016-09-15T14:37:00","date_gmt":"2016-09-15T14:37:00","guid":{"rendered":"https:\/\/egoclinic.pt\/PT\/?page_id=28461"},"modified":"2025-04-09T00:25:21","modified_gmt":"2025-04-08T23:25:21","slug":"contactos","status":"publish","type":"page","link":"https:\/\/egoclinic.pt\/PT\/contactos\/","title":{"rendered":"Contactos"},"content":{"rendered":"<p>[et_pb_section fb_built=&#8221;1&#8243; fullwidth=&#8221;on&#8221; custom_padding_last_edited=&#8221;on|desktop&#8221; admin_label=&#8221;section&#8221; _builder_version=&#8221;4.16&#8243; custom_padding_tablet=&#8221;50px|0|50px|0&#8243; custom_padding_phone=&#8221;&#8221; padding_mobile=&#8221;off&#8221; global_colors_info=&#8221;{}&#8221;][et_pb_fullwidth_header title=&#8221;Contactos&#8221; _builder_version=&#8221;4.16&#8243; background_color=&#8221;#3d4b59&#8243; background_image=&#8221;https:\/\/egoclinic.pt\/PT\/wp-content\/uploads\/2018\/06\/tild3636-6265-4163-b562-616631623338__fonemma.png&#8221; global_colors_info=&#8221;{}&#8221; button_one_text_size__hover_enabled=&#8221;off&#8221; button_two_text_size__hover_enabled=&#8221;off&#8221; button_one_text_color__hover_enabled=&#8221;off&#8221; button_two_text_color__hover_enabled=&#8221;off&#8221; button_one_border_width__hover_enabled=&#8221;off&#8221; button_two_border_width__hover_enabled=&#8221;off&#8221; button_one_border_color__hover_enabled=&#8221;off&#8221; button_two_border_color__hover_enabled=&#8221;off&#8221; button_one_border_radius__hover_enabled=&#8221;off&#8221; button_two_border_radius__hover_enabled=&#8221;off&#8221; button_one_letter_spacing__hover_enabled=&#8221;off&#8221; button_two_letter_spacing__hover_enabled=&#8221;off&#8221; button_one_bg_color__hover_enabled=&#8221;off&#8221; button_two_bg_color__hover_enabled=&#8221;off&#8221;]&nbsp;<br \/>\n[\/et_pb_fullwidth_header][\/et_pb_section][et_pb_section fb_built=&#8221;1&#8243; admin_label=&#8221;section&#8221; _builder_version=&#8221;4.16&#8243; global_colors_info=&#8221;{}&#8221;][et_pb_row admin_label=&#8221;row&#8221; _builder_version=&#8221;4.16&#8243; background_size=&#8221;initial&#8221; background_position=&#8221;top_left&#8221; background_repeat=&#8221;repeat&#8221; global_colors_info=&#8221;{}&#8221;][et_pb_column type=&#8221;4_4&#8243; _builder_version=&#8221;4.16&#8243; custom_padding=&#8221;|||&#8221; global_colors_info=&#8221;{}&#8221; custom_padding__hover=&#8221;|||&#8221;][et_pb_text _builder_version=&#8221;4.27.4&#8243; background_size=&#8221;initial&#8221; background_position=&#8221;top_left&#8221; background_repeat=&#8221;repeat&#8221; global_colors_info=&#8221;{}&#8221;]<\/p>\n<h5><strong><img loading=\"lazy\" decoding=\"async\" src=\"https:\/\/egoclinic.pt\/PT\/wp-content\/uploads\/2021\/05\/LOGO_FB.jpg\" alt=\"\" class=\"wp-image-28432 alignnone size-full\" style=\"float: left; padding-right: 30px;\" width=\"233\" height=\"189\" \/><\/strong>EGOCLINIC &#8211;\u00a0Presta\u00e7\u00e3o de Servi\u00e7os M\u00e9dicos, Lda<\/h5>\n<p>Rua Helena F\u00e9lix, n\u00ba 2<br \/>Escrit\u00f3rio 4<br \/>Entrecampos<br \/>1600-121 LISBOA<\/p>\n<p>Tlm. 925 316 585\u00a0 (atendimento telef\u00f3nico das 14h15 \u00e0s 20h30)<br \/><em>(chamada para rede m\u00f3vel nacional)<\/em><br \/>E-mail. <a href=\"mailto:geral@egoclinic.pt\">geral@egoclinic.pt<\/a><\/p>\n<p>&nbsp;<\/p>\n<h5><strong><\/strong><\/h5>\n<h5><strong>Transportes<\/strong>:<\/h5>\n<p><strong>Metro<\/strong> &#8211; Esta\u00e7\u00e3o de Entrecampos (Linha Amarela)<br \/>Diagramas e mapas<br \/><a href=\"http:\/\/www.metrolisboa.pt\/informacao\/planear-a-viagem\/diagrama\/\" target=\"_blank\" rel=\"noopener\">http:\/\/www.metrolisboa.pt\/informacao\/planear-a-viagem\/diagrama\/<\/a><\/p>\n<p><strong>Autocarros Carris<\/strong> &#8211; Carreiras nos 21, 36, 44, 49, 54, 701, 727, 732, 738, 745<br \/>Mapa de rede<br \/><a href=\"http:\/\/www.carris.pt\/fotos\/editor2\/mapa_diurno_2011.pdf\" target=\"_blank\" rel=\"noopener\">www.carris.pt\/fotos\/editor2\/mapa_diurno_2011.pdf<\/a><\/p>\n<p><strong>Comboio<\/strong> &#8211; Esta\u00e7\u00e3o de Entrecampos<\/p>\n<p>[\/et_pb_text][\/et_pb_column][\/et_pb_row][\/et_pb_section][et_pb_section fb_built=&#8221;1&#8243; fullwidth=&#8221;on&#8221; _builder_version=&#8221;3.7&#8243; global_module=&#8221;28784&#8243; global_colors_info=&#8221;{}&#8221;][\/et_pb_section][et_pb_section fb_built=&#8221;1&#8243; fullwidth=&#8221;on&#8221; _builder_version=&#8221;4.16&#8243; locked=&#8221;off&#8221; global_colors_info=&#8221;{}&#8221;][et_pb_fullwidth_code _builder_version=&#8221;4.16&#8243; global_colors_info=&#8221;{}&#8221;]<iframe loading=\"lazy\" src=\"https:\/\/www.google.com\/maps\/embed?pb=!1m18!1m12!1m3!1d3111.680644069036!2d-9.153382084171477!3d38.74809006333516!2m3!1f0!2f0!3f0!3m2!1i1024!2i768!4f13.1!3m3!1m2!1s0xd1933ad488bd029%3A0xbb64691890e8c818!2sEgoclinic-presta%C3%A7%C3%A3o+De+Servi%C3%A7os+M%C3%A9dicos+Lda!5e0!3m2!1sen!2spt!4v1530101429589\" width=\"100%\" height=\"450\" frameborder=\"0\" style=\"border:0\" allowfullscreen><\/iframe>[\/et_pb_fullwidth_code][\/et_pb_section][et_pb_section fb_built=&#8221;1&#8243; custom_padding_last_edited=&#8221;on|desktop&#8221; admin_label=&#8221;section&#8221; _builder_version=&#8221;4.16&#8243; custom_padding=&#8221;0px|0px|0px|0px&#8221; custom_padding_tablet=&#8221;50px|0|50px|0&#8243; custom_padding_phone=&#8221;&#8221; transparent_background=&#8221;off&#8221; padding_mobile=&#8221;off&#8221; global_colors_info=&#8221;{}&#8221;][et_pb_row column_structure=&#8221;1_4,1_4,1_4,1_4&#8243; use_custom_gutter=&#8221;on&#8221; gutter_width=&#8221;1&#8243; make_equal=&#8221;on&#8221; admin_label=&#8221;row&#8221; module_class=&#8221; et_pb_row_fullwidth&#8221; _builder_version=&#8221;4.27.4&#8243; background_color=&#8221;#e8e8e8&#8243; background_size=&#8221;initial&#8221; background_position=&#8221;top_left&#8221; background_repeat=&#8221;repeat&#8221; width=&#8221;100%&#8221; width_tablet=&#8221;100%&#8221; width_phone=&#8221;&#8221; width_last_edited=&#8221;on|desktop&#8221; max_width=&#8221;100%&#8221; max_width_tablet=&#8221;100%&#8221; max_width_phone=&#8221;&#8221; max_width_last_edited=&#8221;on|desktop&#8221; custom_margin=&#8221;0px||0px|&#8221; custom_padding=&#8221;0|0px|0|0px|false|false&#8221; hover_enabled=&#8221;0&#8243; make_fullwidth=&#8221;on&#8221; global_colors_info=&#8221;{}&#8221; sticky_enabled=&#8221;0&#8243;][et_pb_column type=&#8221;1_4&#8243; _builder_version=&#8221;4.16&#8243; background_color=&#8221;#0c71c3&#8243; custom_padding=&#8221;|0px||0px&#8221; global_colors_info=&#8221;{}&#8221; custom_padding__hover=&#8221;|||&#8221;][et_pb_image src=&#8221;https:\/\/egoclinic.pt\/PT\/wp-content\/uploads\/2018\/06\/IMG_20180626_123313_043-scaled-e1620210947868.jpg&#8221; title_text=&#8221;IMG_20180626_123313_043&#8243; force_fullwidth=&#8221;on&#8221; align_tablet=&#8221;center&#8221; align_phone=&#8221;&#8221; align_last_edited=&#8221;on|desktop&#8221; _builder_version=&#8221;4.19.5&#8243; global_colors_info=&#8221;{}&#8221;][\/et_pb_image][\/et_pb_column][et_pb_column type=&#8221;1_4&#8243; _builder_version=&#8221;4.16&#8243; background_color=&#8221;#0ec4ed&#8221; custom_padding=&#8221;|0px||0px&#8221; global_colors_info=&#8221;{}&#8221; custom_padding__hover=&#8221;|||&#8221;][et_pb_image src=&#8221;https:\/\/egoclinic.pt\/PT\/wp-content\/uploads\/2018\/06\/bld_out_old.jpg&#8221; align_tablet=&#8221;center&#8221; align_phone=&#8221;&#8221; align_last_edited=&#8221;on|desktop&#8221; _builder_version=&#8221;4.16&#8243; global_colors_info=&#8221;{}&#8221;][\/et_pb_image][\/et_pb_column][et_pb_column type=&#8221;1_4&#8243; _builder_version=&#8221;4.16&#8243; background_color=&#8221;#0c9cd1&#8243; custom_padding=&#8221;|0px||0px&#8221; global_colors_info=&#8221;{}&#8221; custom_padding__hover=&#8221;|||&#8221;][et_pb_image src=&#8221;https:\/\/egoclinic.pt\/PT\/wp-content\/uploads\/2018\/06\/DSC_8046.jpg&#8221; align_tablet=&#8221;center&#8221; align_phone=&#8221;&#8221; align_last_edited=&#8221;on|desktop&#8221; _builder_version=&#8221;4.16&#8243; global_colors_info=&#8221;{}&#8221;][\/et_pb_image][\/et_pb_column][et_pb_column type=&#8221;1_4&#8243; _builder_version=&#8221;4.27.4&#8243; background_color=&#8221;#0c71c3&#8243; background_image=&#8221;https:\/\/egoclinic.pt\/PT\/wp-content\/uploads\/2018\/06\/tild3636-6265-4163-b562-616631623338__fonemma-1024&#215;632.png&#8221; background_size=&#8221;initial&#8221; background_position=&#8221;bottom_left&#8221; custom_padding=&#8221;80px|0px||0px|false|false&#8221; global_colors_info=&#8221;{}&#8221; custom_padding__hover=&#8221;|||&#8221; sticky_enabled=&#8221;0&#8243; background_horizontal_offset=&#8221;0%&#8221; background_vertical_offset=&#8221;0%&#8221; title_text=&#8221;tild3636-6265-4163-b562-616631623338__fonemma&#8221; hover_enabled=&#8221;0&#8243;][et_pb_blurb url=&#8221;https:\/\/egoclinic.pt\/PT\/perguntas-frequentes\/&#8221; _builder_version=&#8221;4.27.4&#8243; header_font=&#8221;|||on|||||&#8221; background_size=&#8221;initial&#8221; background_position=&#8221;top_left&#8221; background_repeat=&#8221;repeat&#8221; text_orientation=&#8221;center&#8221; background_layout=&#8221;dark&#8221; custom_margin=&#8221;|0px||0px&#8221; custom_padding=&#8221;30px|20px|20px|20px&#8221; use_border_color=&#8221;off&#8221; border_color=&#8221;#ffffff&#8221; border_width=&#8221;1px&#8221; border_style=&#8221;solid&#8221; locked=&#8221;off&#8221; global_colors_info=&#8221;{}&#8221;]<\/p>\n<h4>CONSULTAS<br \/>DE<br \/>PSIQUIATRIA<\/h4>\n<p>Prof. Dr. Ant\u00f3nio Sampaio<br \/><em>M\u00e9dico Psiquiatra<\/em><\/p>\n<p>2\u00aa, 4\u00aa, 5\u00aa e 6\u00aa &#8211; Feiras<\/p>\n<p>Hor\u00e1rio: 14h45 \u00e0s 19h15<\/p>\n<p>&nbsp;<\/p>\n<p>[\/et_pb_blurb][\/et_pb_column][\/et_pb_row][\/et_pb_section]<\/p>\n","protected":false},"excerpt":{"rendered":"<p>&nbsp; EGOCLINIC &#8211;\u00a0Presta\u00e7\u00e3o de Servi\u00e7os M\u00e9dicos, Lda Rua Helena F\u00e9lix, n\u00ba 2Escrit\u00f3rio 4Entrecampos1600-121 LISBOA Tlm. 925 316 585\u00a0 (atendimento telef\u00f3nico das 14h15 \u00e0s 20h30)(chamada para rede m\u00f3vel nacional)E-mail. geral@egoclinic.pt &nbsp; Transportes: Metro &#8211; Esta\u00e7\u00e3o de Entrecampos (Linha Amarela)Diagramas e mapashttp:\/\/www.metrolisboa.pt\/informacao\/planear-a-viagem\/diagrama\/ Autocarros Carris &#8211; Carreiras nos 21, 36, 44, 49, 54, 701, 727, 732, 738, 745Mapa [&hellip;]<\/p>\n","protected":false},"author":1,"featured_media":0,"parent":0,"menu_order":0,"comment_status":"closed","ping_status":"closed","template":"","meta":{"_et_pb_use_builder":"on","_et_pb_old_content":"","_et_gb_content_width":"","footnotes":""},"class_list":["post-28461","page","type-page","status-publish","hentry"],"_links":{"self":[{"href":"https:\/\/egoclinic.pt\/PT\/wp-json\/wp\/v2\/pages\/28461","targetHints":{"allow":["GET"]}}],"collection":[{"href":"https:\/\/egoclinic.pt\/PT\/wp-json\/wp\/v2\/pages"}],"about":[{"href":"https:\/\/egoclinic.pt\/PT\/wp-json\/wp\/v2\/types\/page"}],"author":[{"embeddable":true,"href":"https:\/\/egoclinic.pt\/PT\/wp-json\/wp\/v2\/users\/1"}],"replies":[{"embeddable":true,"href":"https:\/\/egoclinic.pt\/PT\/wp-json\/wp\/v2\/comments?post=28461"}],"version-history":[{"count":18,"href":"https:\/\/egoclinic.pt\/PT\/wp-json\/wp\/v2\/pages\/28461\/revisions"}],"predecessor-version":[{"id":30312,"href":"https:\/\/egoclinic.pt\/PT\/wp-json\/wp\/v2\/pages\/28461\/revisions\/30312"}],"wp:attachment":[{"href":"https:\/\/egoclinic.pt\/PT\/wp-json\/wp\/v2\/media?parent=28461"}],"curies":[{"name":"wp","href":"https:\/\/api.w.org\/{rel}","templated":true}]}}